{"id":160,"date":"2020-08-24T16:34:41","date_gmt":"2020-08-24T13:34:41","guid":{"rendered":"http:\/\/arefproje.com\/?page_id=160"},"modified":"2020-08-24T16:41:02","modified_gmt":"2020-08-24T13:41:02","slug":"kalite-politikamiz","status":"publish","type":"page","link":"https:\/\/arefproje.com\/?page_id=160","title":{"rendered":"Politikalar\u0131m\u0131z"},"content":{"rendered":"\n<div class=\"blockspare-block-accordion blockspare-block blockspare-block-7b30bb\" data-item-toggle=\"true\">\n<div class=\"wp-block-blockspare-accordion-item blockspare-block-51882a\"><div class=\"blockspare-accordion-item blockspare-type-fill \" data-act-color=\"#fff\" data-txt-color=\"#fff\" data-active=\"#8b249c\" data-pan=\"#3c1a5b\" style=\"margin-bottom:10px\"><div class=\"blockspare-accordion-panel  blockspare-right\" style=\"background-color:#3c1a5b\"><span class=\"blockspare-accordion-panel-handler\" role=\"button\" style=\"color:#fff\"><span class=\"blockspare-accordion-icon fa fa-plus\"><\/span><span class=\"blockspare-accordion-panel-handler-label\">Kalite Politikam\u0131z<\/span><\/span><\/div><div class=\"blockspare-accordion-body\" style=\"background-color:#fff\" data-bg=\"#fff\">\n<ul id=\"block-03e928e3-434a-47db-98b4-a700a774c3f7\"><li>Enerji sekt\u00f6r\u00fcndeki t\u00fcm teknolojik geli\u015fmeleri yak\u0131ndan izlemek ve b\u00fct\u00fcn faaliyetlerinde en son teknoloji ve in\u015faat yeniliklerini uygulamak,<\/li><li>T\u00fcm enerji tasar\u0131m ve \u00fcretim faaliyetlerinde; \u00c7evre Y\u00f6netimi, \u0130\u015f Sa\u011fl\u0131\u011f\u0131 ve G\u00fcvenli\u011fi kurallar\u0131na, s\u00f6zle\u015fmelere, \u015fartnamelere, standartlara ve y\u00f6netmeliklere uymak,<\/li><li>M\u00fc\u015fterilerimizin beklentilerine en uygun \u00e7\u00f6z\u00fcmleri \u00fcretmek, beklentilerini ger\u00e7ekle\u015ftirmek ve m\u00fc\u015fteri memnuniyetini sa\u011flamak,<\/li><li>Sunulan hizmetlerin fiyat-verimlilik dengesini g\u00f6zetmek,<\/li><li>Yakalad\u0131\u011f\u0131 kaliteyi s\u00fcrekli \u00f6l\u00e7mek ve iyile\u015ftirmek ve her zaman daha iyisini g\u00f6zetmek,<\/li><li>Her a\u015famada ve t\u00fcm ayr\u0131nt\u0131larda kalitede d\u00fcnya standartlar\u0131n\u0131 hedeflemek,<\/li><li>\u00c7al\u0131\u015fanlar\u0131 s\u00fcrekli e\u011fitmek ve kalite konusunda hassasiyetlerini artt\u0131rmak ve hedeflenen kaliteye ula\u015fmak i\u00e7in kat\u0131l\u0131mlar\u0131n\u0131 sa\u011flamak,<\/li><li>\u00c7al\u0131\u015fan\u0131m\u0131z\u0131n deste\u011fine ve \u00fcretkenli\u011fine g\u00fcvenerek, \u00c7a\u011fda\u015f Kalite De\u011ferlerine ve m\u00fc\u015fteri memnuniyetine ula\u015fmay\u0131 ve s\u00fcrekli iyile\u015ftirmeyi hedeflemek,<\/li><li>M\u00fc\u015fteri memnuniyetini s\u00fcrekli k\u0131lmak i\u00e7in kaynaklar\u0131 ekonomik, etkin ve verimli bir bi\u00e7imde kullanmakt\u0131r.<\/li><\/ul>\n<\/div><\/div><\/div>\n\n\n\n<div class=\"wp-block-blockspare-accordion-item blockspare-block-519f79\"><div class=\"blockspare-accordion-item blockspare-type-fill \" data-act-color=\"#fff\" data-txt-color=\"#fff\" data-active=\"#8b249c\" data-pan=\"#3c1a5b\" style=\"margin-bottom:10px\"><div class=\"blockspare-accordion-panel  blockspare-right\" style=\"background-color:#3c1a5b\"><span class=\"blockspare-accordion-panel-handler\" role=\"button\" style=\"color:#fff\"><span class=\"blockspare-accordion-icon fa fa-plus\"><\/span><span class=\"blockspare-accordion-panel-handler-label\">\u00c7evre Politikam\u0131z<\/span><\/span><\/div><div class=\"blockspare-accordion-body\" style=\"background-color:#fff\" data-bg=\"#fff\">\n<ul><li>T\u00fcm \u00e7al\u0131\u015fmalar\u0131m\u0131zda bilimsel ve teknolojik geli\u015fmelerin, \u00e7evresel koruma bilincinin ve insan sa\u011fl\u0131\u011f\u0131n\u0131n \u00f6n planda tutmak ve sorumlu vatanda\u015fl\u0131k davran\u0131\u015f\u0131n\u0131 sergilemek.<\/li><li>Faaliyetlerimizden do\u011fabilecek t\u00fcm olumsuz \u00e7evre etkilerinin olu\u015fmamas\u0131 ve \u00f6nlenmesi veya hafifletilmesi y\u00f6n\u00fcnde gerekli tedbirleri almak.<\/li><li>Do\u011fal kaynaklar\u0131n en etkili \u015fekilde kullan\u0131larak \u00e7evrenin korunmas\u0131n\u0131 sa\u011flamak.<\/li><li>\u00c7evreyi g\u00f6zetecek ve \u00e7evre kirlili\u011fini \u00f6nleyecek, uygulanabilir \u00f6nlemler almak.<\/li><li>Do\u011fayla dost enerji kaynaklar\u0131n\u0131n kullan\u0131lmas\u0131na \u00f6ncelik vermek.<\/li><li>\u00c7evre ile ilgili kanun ve idari d\u00fczenlemelerine ve faaliyetlerimiz ile ilgili di\u011fer \u00e7evre koruma gerekliliklerine uymak.<\/li><li>Do\u011fa de\u011ferlerinin korumak ve t\u00fcm \u00e7evre politikam\u0131z\u0131n s\u00fcrd\u00fcr\u00fclebilirli\u011finin sa\u011flamak.<\/li><\/ul>\n<\/div><\/div><\/div>\n\n\n\n<div class=\"wp-block-blockspare-accordion-item blockspare-block-f4026c\"><div class=\"blockspare-accordion-item blockspare-type-fill \" data-act-color=\"#fff\" data-txt-color=\"#fff\" data-active=\"#8b249c\" data-pan=\"#3c1a5b\" style=\"margin-bottom:10px\"><div class=\"blockspare-accordion-panel  blockspare-right\" style=\"background-color:#3c1a5b\"><span class=\"blockspare-accordion-panel-handler\" role=\"button\" style=\"color:#fff\"><span class=\"blockspare-accordion-icon fa fa-plus\"><\/span><span class=\"blockspare-accordion-panel-handler-label\">\u0130\u015f Sa\u011fl\u0131\u011f\u0131 ve G\u00fcvenli\u011fi Politikam\u0131z<\/span><\/span><\/div><div class=\"blockspare-accordion-body\" style=\"background-color:#fff\" data-bg=\"#fff\">\n<ul><li>\u0130\u015f Sa\u011fl\u0131\u011f\u0131 ve G\u00fcvenli\u011fi kurallar\u0131na, d\u00fczenlemeler ve talimatlar\u0131 takip etmek ve uymak.<\/li><li>\u015eirketimizin \u0130\u015f Sa\u011fl\u0131\u011f\u0131 ve G\u00fcvenli\u011fi Y\u00f6netim Sistemini s\u00fcrekli iyile\u015ftirmek.<\/li><li>\u00c7al\u0131\u015fma ortam\u0131n\u0131, mesleki hastal\u0131klar ve i\u015f kazalar\u0131 a\u00e7\u0131s\u0131ndan minimum risk seviyesinde yap\u0131land\u0131rmak.<\/li><li>\u00c7al\u0131\u015fanlar\u0131m\u0131z\u0131n i\u015f g\u00fcvenli\u011fini sa\u011flamak ve sa\u011fl\u0131\u011f\u0131n\u0131 korumak.<\/li><li>T\u00fcm \u00e7al\u0131\u015fanlar\u0131n kat\u0131l\u0131m\u0131 ile riskleri kayna\u011f\u0131nda yok etmek suretiyle \u201cs\u0131f\u0131r i\u015f kazas\u0131\u201d hedefine ula\u015fmaya \u00e7al\u0131\u015fmak.<\/li><li>\u00c7al\u0131\u015fanlar\u0131n kendilerine teslim edilen i\u015f g\u00fcvenlik ekipmanlar\u0131n kullanmas\u0131n\u0131 sa\u011flamak ve bunun takibini s\u00fcreklile\u015ftirmek.<\/li><li>\u00c7al\u0131\u015fanlar\u0131n, kendi bireysel \u0130\u015f Sa\u011fl\u0131\u011f\u0131 ve G\u00fcvenli\u011fi sorumluluklar\u0131n\u0131n fark\u0131nda olmalar\u0131n\u0131, g\u00fcvenlik \u00f6nlemlerin uygulamas\u0131nda destek ve kat\u0131l\u0131mlar\u0131n\u0131 sa\u011flamak ve i\u015f sa\u011fl\u0131\u011f\u0131 ve g\u00fcvenli\u011fi ile ilgili faaliyetleri s\u00fcrekli iyile\u015ftirmek.<\/li><li>\u00c7evreyi temiz ve d\u00fczenli tutarak sa\u011fl\u0131kl\u0131 \u00e7al\u0131\u015fma ortamlar\u0131 yaratmakt\u0131r.<\/li><\/ul>\n<\/div><\/div><\/div>\n<\/div>\n\n\n\n<div class=\"wp-block-blockspare-blockspare-container alignfull blockspare-523e089e-f5d0-4\"><style>.blockspare-523e089e-f5d0-4 .blockspare-block-container-wrapper{background-color:#fff;padding-top:20px;padding-right:0px;padding-bottom:20px;padding-left:0px;margin-top:30px;margin-bottom:30px;border-radius:null}.blockspare-523e089e-f5d0-4 .blockspare-image-wrap{background-image:}<\/style><div class=\"blockspare-block-container-wrapper alignfull\"><div class=\"blockspare-container-background blockspare-image-wrap has-background-opacity-100 has-background-opacity\"><\/div><div class=\"blockspare-container\"><div class=\"blockspare-inner-blocks blockspare-inner-wrapper-blocks\"><\/div><\/div><\/div><\/div>\n\n\n\n<p><\/p>\n","protected":false},"excerpt":{"rendered":"","protected":false},"author":1,"featured_media":0,"parent":0,"menu_order":0,"comment_status":"closed","ping_status":"closed","template":"","meta":{"_eb_attr":""},"yoast_head":"<!-- This site is optimized with the Yoast SEO plugin v14.9 - https:\/\/yoast.com\/wordpress\/plugins\/seo\/ -->\n<title>Politikalar\u0131m\u0131z -<\/title>\n<meta name=\"robots\" content=\"index, follow, max-snippet:-1, max-image-preview:large, max-video-preview:-1\" \/>\n<link rel=\"canonical\" href=\"https:\/\/arefproje.com\/?page_id=160\" \/>\n<meta property=\"og:locale\" content=\"tr_TR\" \/>\n<meta property=\"og:type\" content=\"article\" \/>\n<meta property=\"og:title\" content=\"Politikalar\u0131m\u0131z -\" \/>\n<meta property=\"og:url\" content=\"https:\/\/arefproje.com\/?page_id=160\" \/>\n<meta property=\"article:modified_time\" content=\"2020-08-24T13:41:02+00:00\" \/>\n<meta name=\"twitter:card\" content=\"summary_large_image\" \/>\n<script type=\"application\/ld+json\" class=\"yoast-schema-graph\">{\"@context\":\"https:\/\/schema.org\",\"@graph\":[{\"@type\":\"WebSite\",\"@id\":\"https:\/\/arefproje.com\/#website\",\"url\":\"https:\/\/arefproje.com\/\",\"name\":\"\",\"description\":\"Hayal et, d\\u00fc\\u015f\\u00fcn, tasarla, uygula ve takip et\",\"potentialAction\":[{\"@type\":\"SearchAction\",\"target\":\"https:\/\/arefproje.com\/?s={search_term_string}\",\"query-input\":\"required name=search_term_string\"}],\"inLanguage\":\"tr\"},{\"@type\":\"WebPage\",\"@id\":\"https:\/\/arefproje.com\/?page_id=160#webpage\",\"url\":\"https:\/\/arefproje.com\/?page_id=160\",\"name\":\"Politikalar\\u0131m\\u0131z -\",\"isPartOf\":{\"@id\":\"https:\/\/arefproje.com\/#website\"},\"datePublished\":\"2020-08-24T13:34:41+00:00\",\"dateModified\":\"2020-08-24T13:41:02+00:00\",\"inLanguage\":\"tr\",\"potentialAction\":[{\"@type\":\"ReadAction\",\"target\":[\"https:\/\/arefproje.com\/?page_id=160\"]}]}]}<\/script>\n<!-- \/ Yoast SEO plugin. -->","_links":{"self":[{"href":"https:\/\/arefproje.com\/index.php?rest_route=\/wp\/v2\/pages\/160"}],"collection":[{"href":"https:\/\/arefproje.com\/index.php?rest_route=\/wp\/v2\/pages"}],"about":[{"href":"https:\/\/arefproje.com\/index.php?rest_route=\/wp\/v2\/types\/page"}],"author":[{"embeddable":true,"href":"https:\/\/arefproje.com\/index.php?rest_route=\/wp\/v2\/users\/1"}],"replies":[{"embeddable":true,"href":"https:\/\/arefproje.com\/index.php?rest_route=%2Fwp%2Fv2%2Fcomments&post=160"}],"version-history":[{"count":3,"href":"https:\/\/arefproje.com\/index.php?rest_route=\/wp\/v2\/pages\/160\/revisions"}],"predecessor-version":[{"id":164,"href":"https:\/\/arefproje.com\/index.php?rest_route=\/wp\/v2\/pages\/160\/revisions\/164"}],"wp:attachment":[{"href":"https:\/\/arefproje.com\/index.php?rest_route=%2Fwp%2Fv2%2Fmedia&parent=160"}],"curies":[{"name":"wp","href":"https:\/\/api.w.org\/{rel}","templated":true}]}}