{"id":179,"date":"2020-08-24T17:12:16","date_gmt":"2020-08-24T14:12:16","guid":{"rendered":"http:\/\/arefproje.com\/?page_id=179"},"modified":"2020-08-27T15:27:44","modified_gmt":"2020-08-27T12:27:44","slug":"iletisim","status":"publish","type":"page","link":"https:\/\/arefproje.com\/?page_id=179","title":{"rendered":"\u0130leti\u015fim"},"content":{"rendered":"\t\t<div data-elementor-type=\"wp-page\" data-elementor-id=\"179\" class=\"elementor elementor-179\" data-elementor-settings=\"[]\">\n\t\t\t\t\t\t<div class=\"elementor-inner\">\n\t\t\t\t\t\t\t<div class=\"elementor-section-wrap\">\n\t\t\t\t\t\t\t<section class=\"elementor-section elementor-top-section elementor-element elementor-element-672859bb elementor-section-boxed elementor-section-height-default elementor-section-height-default\" data-id=\"672859bb\" data-element_type=\"section\">\n\t\t\t\t\t\t<div class=\"elementor-container elementor-column-gap-default\">\n\t\t\t\t\t\t\t<div class=\"elementor-row\">\n\t\t\t\t\t<div class=\"elementor-column elementor-col-100 elementor-top-column elementor-element elementor-element-73c7c0bb\" data-id=\"73c7c0bb\" data-element_type=\"column\">\n\t\t\t<div class=\"elementor-column-wrap elementor-element-populated\">\n\t\t\t\t\t\t\t<div class=\"elementor-widget-wrap\">\n\t\t\t\t\t\t<div class=\"elementor-element elementor-element-55043afd elementor-widget elementor-widget-text-editor\" data-id=\"55043afd\" data-element_type=\"widget\" data-widget_type=\"text-editor.default\">\n\t\t\t\t<div class=\"elementor-widget-container\">\n\t\t\t\t\t<div class=\"elementor-text-editor elementor-clearfix\"><!-- wp:shortcode {\"eb\":{\"id\":\"72715199240\"}} -->\n[contact-form-7 id=&#8221;178&#8243; title=&#8221;\u0130leti\u015fim Sayfas\u0131&#8221;]\n<!-- \/wp:shortcode --><\/div>\n\t\t\t\t<\/div>\n\t\t\t\t<\/div>\n\t\t\t\t\t\t<\/div>\n\t\t\t\t\t<\/div>\n\t\t<\/div>\n\t\t\t\t\t\t\t\t<\/div>\n\t\t\t\t\t<\/div>\n\t\t<\/section>\n\t\t\t\t<section class=\"elementor-section elementor-top-section elementor-element elementor-element-c6961fc elementor-section-boxed elementor-section-height-default elementor-section-height-default\" data-id=\"c6961fc\" data-element_type=\"section\">\n\t\t\t\t\t\t<div class=\"elementor-container elementor-column-gap-default\">\n\t\t\t\t\t\t\t<div class=\"elementor-row\">\n\t\t\t\t\t<div class=\"elementor-column elementor-col-100 elementor-top-column elementor-element elementor-element-64732d8\" data-id=\"64732d8\" data-element_type=\"column\">\n\t\t\t<div class=\"elementor-column-wrap elementor-element-populated\">\n\t\t\t\t\t\t\t<div class=\"elementor-widget-wrap\">\n\t\t\t\t\t\t<div class=\"elementor-element elementor-element-d29db0e elementor-widget elementor-widget-google_maps\" data-id=\"d29db0e\" data-element_type=\"widget\" data-widget_type=\"google_maps.default\">\n\t\t\t\t<div class=\"elementor-widget-container\">\n\t\t\t<div class=\"elementor-custom-embed\"><iframe frameborder=\"0\" scrolling=\"no\" marginheight=\"0\" marginwidth=\"0\" src=\"https:\/\/maps.google.com\/maps?q=olimpiyat%20hal%C4%B1%20saha%20kahramanmara%C5%9F&amp;t=m&amp;z=17&amp;output=embed&amp;iwloc=near\" aria-label=\"olimpiyat hal\u0131 saha kahramanmara\u015f\"><\/iframe><\/div>\t\t<\/div>\n\t\t\t\t<\/div>\n\t\t\t\t\t\t<\/div>\n\t\t\t\t\t<\/div>\n\t\t<\/div>\n\t\t\t\t\t\t\t\t<\/div>\n\t\t\t\t\t<\/div>\n\t\t<\/section>\n\t\t\t\t<section class=\"elementor-section elementor-top-section elementor-element elementor-element-18dda6f elementor-section-boxed elementor-section-height-default elementor-section-height-default\" data-id=\"18dda6f\" data-element_type=\"section\">\n\t\t\t\t\t\t<div class=\"elementor-container elementor-column-gap-default\">\n\t\t\t\t\t\t\t<div class=\"elementor-row\">\n\t\t\t\t\t<div class=\"elementor-column elementor-col-100 elementor-top-column elementor-element elementor-element-4cca521\" data-id=\"4cca521\" data-element_type=\"column\">\n\t\t\t<div class=\"elementor-column-wrap elementor-element-populated\">\n\t\t\t\t\t\t\t<div class=\"elementor-widget-wrap\">\n\t\t\t\t\t\t<div class=\"elementor-element elementor-element-98c8eb9 eael-flipbox-content-align-center elementor-widget elementor-widget-eael-flip-box\" data-id=\"98c8eb9\" data-element_type=\"widget\" data-widget_type=\"eael-flip-box.default\">\n\t\t\t\t<div class=\"elementor-widget-container\">\n\t\t\t\n\t<div class=\"eael-elements-flip-box-container eael-animate-flip eael-animate-left\">\n\n\t    <div class=\"eael-elements-flip-box-flip-card\">\n\t        <div class=\"eael-elements-flip-box-front-container\">\n\t            <div class=\"eael-elements-slider-display-table\">\n\t                <div class=\"eael-elements-flip-box-vertical-align\">\n\t                    <div class=\"eael-elements-flip-box-padding\">\n\t                        <div class=\"eael-elements-flip-box-icon-image\">\n\t\t\t\t\t\t\t\t\t\t\t\t\t\t\t\t\t\t\t\t\t\t\t\t\t\t\t\t\t\t\t\t\t\t\t\t\t\t<i class=\"fas fa-snowflake\"><\/i>\n\t\t\t\t\t\t\t\t\t\t\t\t\t\t\t\t\t\t\t\t\t\t\t\t\t\t\t\t                        <\/div>\n\t                        <h2 class=\"eael-elements-flip-box-heading\">ADRES\u0130M\u0130Z<\/h2>\n\t                        <div class=\"eael-elements-flip-box-content\">\n\t                           <p><p>Bo\u011fazi\u00e7i Mahallesi Olimpiyat Hal\u0131 Saha Kompleksi Yan\u0131 No :148\/A ON\u0130K\u0130\u015eUBAT \/ KAHRAMANMARA\u015e<\/p>\n<p>\u00a0<\/p><\/p>\n\t                        <\/div>\n\t                    <\/div>\n\t                <\/div>\n\t            <\/div>\n\t        <\/div>\n\n\t        <div class=\"eael-elements-flip-box-rear-container\">\n\t            <div class=\"eael-elements-slider-display-table\">\n\t                <div class=\"eael-elements-flip-box-vertical-align\">\n\t                    <div class=\"eael-elements-flip-box-padding\">\n\t                    \t\t                    \t\t<div class=\"eael-elements-flip-box-icon-image\">\n\t                    \t\t\t\t\t\t\t\t\t\t\t\t\t\t\t\t\t\t\t\t\t\t\t\t\t\t\t\t\t\t\t\t\t\t\t\t<i class=\"fas fa-snowflake\"><\/i>\n\t\t\t\t\t\t\t\t\t\t\t\t\t\t\t\t\t\t\t\t\t\t                \t\t\t\t\t                \t\t\t<\/div>\n\t                    \t\n\t                        <h2 class=\"eael-elements-flip-box-heading\">\u0130RT\u0130BAT TELEFONLARIMIZ<\/h2>\n\t                        <div class=\"eael-elements-flip-box-content\">\n\t                           <p><p>TEL 1: 0539 585 7150<\/p>\n<p>TEL 2: 0505 622 8711<\/p><\/p>\n\t                        <\/div>\n\n\t                        \t                    <\/div>\n\t                <\/div>\n\t            <\/div>\n\t        <\/div>\n\t    <\/div>\n\t<\/div>\n\n\t\t\t<\/div>\n\t\t\t\t<\/div>\n\t\t\t\t\t\t<\/div>\n\t\t\t\t\t<\/div>\n\t\t<\/div>\n\t\t\t\t\t\t\t\t<\/div>\n\t\t\t\t\t<\/div>\n\t\t<\/section>\n\t\t\t\t\t\t<\/div>\n\t\t\t\t\t\t<\/div>\n\t\t\t\t\t<\/div>\n\t\t","protected":false},"excerpt":{"rendered":"<p>ADRES\u0130M\u0130Z Bo\u011fazi\u00e7i Mahallesi Olimpiyat Hal\u0131 Saha Kompleksi Yan\u0131 No :148\/A ON\u0130K\u0130\u015eUBAT \/ KAHRAMANMARA\u015e \u00a0 \u0130RT\u0130BAT TELEFONLARIMIZ TEL 1: 0539 585 7150 TEL 2: 0505 622 8711<\/p>\n","protected":false},"author":1,"featured_media":0,"parent":0,"menu_order":0,"comment_status":"closed","ping_status":"closed","template":"","meta":{"_eb_attr":""},"yoast_head":"<!-- This site is optimized with the Yoast SEO plugin v14.9 - https:\/\/yoast.com\/wordpress\/plugins\/seo\/ -->\n<title>\u0130leti\u015fim -<\/title>\n<meta name=\"robots\" content=\"index, follow, max-snippet:-1, max-image-preview:large, max-video-preview:-1\" \/>\n<link rel=\"canonical\" href=\"https:\/\/arefproje.com\/?page_id=179\" \/>\n<meta property=\"og:locale\" content=\"tr_TR\" \/>\n<meta property=\"og:type\" content=\"article\" \/>\n<meta property=\"og:title\" content=\"\u0130leti\u015fim -\" \/>\n<meta property=\"og:description\" content=\"ADRES\u0130M\u0130Z Bo\u011fazi\u00e7i Mahallesi Olimpiyat Hal\u0131 Saha Kompleksi Yan\u0131 No :148\/A ON\u0130K\u0130\u015eUBAT \/ KAHRAMANMARA\u015e \u00a0 \u0130RT\u0130BAT TELEFONLARIMIZ TEL 1: 0539 585 7150 TEL 2: 0505 622 8711\" \/>\n<meta property=\"og:url\" content=\"https:\/\/arefproje.com\/?page_id=179\" \/>\n<meta property=\"article:modified_time\" content=\"2020-08-27T12:27:44+00:00\" \/>\n<meta name=\"twitter:card\" content=\"summary_large_image\" \/>\n<script type=\"application\/ld+json\" class=\"yoast-schema-graph\">{\"@context\":\"https:\/\/schema.org\",\"@graph\":[{\"@type\":\"WebSite\",\"@id\":\"https:\/\/arefproje.com\/#website\",\"url\":\"https:\/\/arefproje.com\/\",\"name\":\"\",\"description\":\"Hayal et, d\\u00fc\\u015f\\u00fcn, tasarla, uygula ve takip et\",\"potentialAction\":[{\"@type\":\"SearchAction\",\"target\":\"https:\/\/arefproje.com\/?s={search_term_string}\",\"query-input\":\"required name=search_term_string\"}],\"inLanguage\":\"tr\"},{\"@type\":\"WebPage\",\"@id\":\"https:\/\/arefproje.com\/?page_id=179#webpage\",\"url\":\"https:\/\/arefproje.com\/?page_id=179\",\"name\":\"\\u0130leti\\u015fim -\",\"isPartOf\":{\"@id\":\"https:\/\/arefproje.com\/#website\"},\"datePublished\":\"2020-08-24T14:12:16+00:00\",\"dateModified\":\"2020-08-27T12:27:44+00:00\",\"inLanguage\":\"tr\",\"potentialAction\":[{\"@type\":\"ReadAction\",\"target\":[\"https:\/\/arefproje.com\/?page_id=179\"]}]}]}<\/script>\n<!-- \/ Yoast SEO plugin. -->","_links":{"self":[{"href":"https:\/\/arefproje.com\/index.php?rest_route=\/wp\/v2\/pages\/179"}],"collection":[{"href":"https:\/\/arefproje.com\/index.php?rest_route=\/wp\/v2\/pages"}],"about":[{"href":"https:\/\/arefproje.com\/index.php?rest_route=\/wp\/v2\/types\/page"}],"author":[{"embeddable":true,"href":"https:\/\/arefproje.com\/index.php?rest_route=\/wp\/v2\/users\/1"}],"replies":[{"embeddable":true,"href":"https:\/\/arefproje.com\/index.php?rest_route=%2Fwp%2Fv2%2Fcomments&post=179"}],"version-history":[{"count":5,"href":"https:\/\/arefproje.com\/index.php?rest_route=\/wp\/v2\/pages\/179\/revisions"}],"predecessor-version":[{"id":583,"href":"https:\/\/arefproje.com\/index.php?rest_route=\/wp\/v2\/pages\/179\/revisions\/583"}],"wp:attachment":[{"href":"https:\/\/arefproje.com\/index.php?rest_route=%2Fwp%2Fv2%2Fmedia&parent=179"}],"curies":[{"name":"wp","href":"https:\/\/api.w.org\/{rel}","templated":true}]}}