{"id":618,"date":"2020-08-28T15:57:04","date_gmt":"2020-08-28T12:57:04","guid":{"rendered":"http:\/\/arefproje.com\/?page_id=618"},"modified":"2020-08-28T18:08:58","modified_gmt":"2020-08-28T15:08:58","slug":"blog-2","status":"publish","type":"page","link":"https:\/\/arefproje.com\/?page_id=618","title":{"rendered":"BLOG"},"content":{"rendered":"\t\t<div data-elementor-type=\"wp-page\" data-elementor-id=\"618\" class=\"elementor elementor-618\" data-elementor-settings=\"[]\">\n\t\t\t\t\t\t<div class=\"elementor-inner\">\n\t\t\t\t\t\t\t<div class=\"elementor-section-wrap\">\n\t\t\t\t\t\t\t<section class=\"elementor-section elementor-top-section elementor-element elementor-element-4d650de elementor-section-full_width elementor-section-height-default elementor-section-height-default elementor-invisible\" data-id=\"4d650de\" data-element_type=\"section\" data-settings=\"{&quot;animation&quot;:&quot;fadeInLeft&quot;}\">\n\t\t\t\t\t\t<div class=\"elementor-container elementor-column-gap-default\">\n\t\t\t\t\t\t\t<div class=\"elementor-row\">\n\t\t\t\t\t<div class=\"elementor-column elementor-col-100 elementor-top-column elementor-element elementor-element-abe529f\" data-id=\"abe529f\" data-element_type=\"column\">\n\t\t\t<div class=\"elementor-column-wrap elementor-element-populated\">\n\t\t\t\t\t\t\t<div class=\"elementor-widget-wrap\">\n\t\t\t\t\t\t\t\t<\/div>\n\t\t\t\t\t<\/div>\n\t\t<\/div>\n\t\t\t\t\t\t\t\t<\/div>\n\t\t\t\t\t<\/div>\n\t\t<\/section>\n\t\t\t\t<section class=\"elementor-section elementor-top-section elementor-element elementor-element-6a62e46e elementor-section-boxed elementor-section-height-default elementor-section-height-default\" data-id=\"6a62e46e\" data-element_type=\"section\">\n\t\t\t\t\t\t<div class=\"elementor-container elementor-column-gap-default\">\n\t\t\t\t\t\t\t<div class=\"elementor-row\">\n\t\t\t\t\t<div class=\"elementor-column elementor-col-100 elementor-top-column elementor-element elementor-element-4fb9104\" data-id=\"4fb9104\" data-element_type=\"column\">\n\t\t\t<div class=\"elementor-column-wrap elementor-element-populated\">\n\t\t\t\t\t\t\t<div class=\"elementor-widget-wrap\">\n\t\t\t\t\t\t<div class=\"elementor-element elementor-element-159013d4 elementor-widget elementor-widget-text-editor\" data-id=\"159013d4\" data-element_type=\"widget\" data-widget_type=\"text-editor.default\">\n\t\t\t\t<div class=\"elementor-widget-container\">\n\t\t\t\t\t<div class=\"elementor-text-editor elementor-clearfix\"><!-- wp:fl-builder\/layout \/--><\/div>\n\t\t\t\t<\/div>\n\t\t\t\t<\/div>\n\t\t\t\t<div class=\"elementor-element elementor-element-d5195f0 elementor-widget elementor-widget-heading\" data-id=\"d5195f0\" data-element_type=\"widget\" data-widget_type=\"heading.default\">\n\t\t\t\t<div class=\"elementor-widget-container\">\n\t\t\t<h2 class=\"elementor-heading-title elementor-size-default\">BLOG<\/h2>\t\t<\/div>\n\t\t\t\t<\/div>\n\t\t\t\t\t\t<\/div>\n\t\t\t\t\t<\/div>\n\t\t<\/div>\n\t\t\t\t\t\t\t\t<\/div>\n\t\t\t\t\t<\/div>\n\t\t<\/section>\n\t\t\t\t<section class=\"elementor-section elementor-top-section elementor-element elementor-element-65379ec elementor-section-boxed elementor-section-height-default elementor-section-height-default\" data-id=\"65379ec\" data-element_type=\"section\">\n\t\t\t\t\t\t<div class=\"elementor-container elementor-column-gap-default\">\n\t\t\t\t\t\t\t<div class=\"elementor-row\">\n\t\t\t\t\t<div class=\"elementor-column elementor-col-100 elementor-top-column elementor-element elementor-element-c996655\" data-id=\"c996655\" data-element_type=\"column\">\n\t\t\t<div class=\"elementor-column-wrap elementor-element-populated\">\n\t\t\t\t\t\t\t<div class=\"elementor-widget-wrap\">\n\t\t\t\t\t\t<div class=\"elementor-element elementor-element-bda3d42 elementor-grid-eael-col-2 elementor-grid-tablet-eael-col-2 elementor-grid-mobile-eael-col-1 elementor-widget elementor-widget-eael-post-grid\" data-id=\"bda3d42\" data-element_type=\"widget\" data-settings=\"{&quot;eael_post_grid_columns&quot;:&quot;eael-col-2&quot;,&quot;eael_post_grid_columns_tablet&quot;:&quot;eael-col-2&quot;,&quot;eael_post_grid_columns_mobile&quot;:&quot;eael-col-1&quot;}\" data-widget_type=\"eael-post-grid.default\">\n\t\t\t\t<div class=\"elementor-widget-container\">\n\t\t\t<div id=\"eael-post-grid-bda3d42\" class=\"eael-post-grid-container\">\n            <div class=\"eael-post-grid eael-post-appender eael-post-appender-bda3d42 eael-post-grid-style-default\" data-layout-mode=\"grid\">\n                <p class=\"no-posts-found\">No posts found!<\/p>\n            <\/div>\n            <div class=\"clearfix\"><\/div>\n        <\/div><div class=\"eael-load-more-button-wrap\">\n\t\t\t\t\t<button class=\"eael-load-more-button\" id=\"eael-load-more-btn-bda3d42\" data-widget=\"bda3d42\" data-class=\"Essential_Addons_Elementor\\Elements\\Post_Grid\" data-args=\"orderby=date&order=desc&ignore_sticky_posts=1&post_status=publish&posts_per_page=6&offset=0&post_type=post\" data-settings=\"eael_show_image=yes&image_size=medium&eael_show_title=yes&eael_show_excerpt=yes&eael_show_meta=yes&meta_position=meta-entry-footer&eael_excerpt_length=10&eael_post_grid_hover_animation=fade-in&eael_post_grid_bg_hover_icon=fas+fa-long-arrow-alt-right&eael_show_read_more_button=yes&read_more_button_text=Devam%C4%B1&show_load_more=yes&show_load_more_text=Devam%C4%B1&excerpt_expanison_indicator=...&layout_mode=grid&orderby=date&eael_show_post_terms=&eael_post_terms=category&eael_post_terms_max_length=1&eael_show_avatar=yes&eael_show_author=yes&eael_show_date=yes&title_link_nofollow=&title_link_target_blank=&read_more_link_nofollow=&read_more_link_target_blank=&image_link_nofollow=&image_link_target_blank=&eael_title_length=&eael_post_grid_preset_style=\" data-layout=\"grid\" data-page=\"1\">\n\t\t\t\t\t\t<div class=\"eael-btn-loader button__loader\"><\/div>\n\t\t\t\t\t\t<span>Devam\u0131<\/span>\n\t\t\t\t\t<\/button>\n\t\t\t\t<\/div>\t\t<\/div>\n\t\t\t\t<\/div>\n\t\t\t\t\t\t<\/div>\n\t\t\t\t\t<\/div>\n\t\t<\/div>\n\t\t\t\t\t\t\t\t<\/div>\n\t\t\t\t\t<\/div>\n\t\t<\/section>\n\t\t\t\t\t\t<\/div>\n\t\t\t\t\t\t<\/div>\n\t\t\t\t\t<\/div>\n\t\t","protected":false},"excerpt":{"rendered":"<p>BLOG Yapar Paslanmaz ile ISO 50001 Dan\u0131\u015fmanl\u0131k S\u00f6zle\u015fmesi \u0130mzaland\u0131 \u015eehrimizin g\u00fczide sanayi kurulu\u015flar\u0131ndan, tekstil makina \u00fcretim Kuma\u015f Boyama Makinas\u0131&#8230; Devam\u0131 fiderarefdb28 A\u011fustos 2020 Yapar Paslanmaz Dan\u0131\u015fmanl\u0131k S\u00f6zle\u015fmesi imzaland\u0131 \u015eehrimizin g\u00fczide sanayi kurulu\u015flar\u0131ndan, tekstil makina \u00fcretim &hellip;<\/p>\n","protected":false},"author":1,"featured_media":0,"parent":0,"menu_order":0,"comment_status":"closed","ping_status":"closed","template":"","meta":{"_eb_attr":""},"yoast_head":"<!-- This site is optimized with the Yoast SEO plugin v14.9 - https:\/\/yoast.com\/wordpress\/plugins\/seo\/ -->\n<title>BLOG -<\/title>\n<meta name=\"robots\" content=\"index, follow, max-snippet:-1, max-image-preview:large, max-video-preview:-1\" \/>\n<link rel=\"canonical\" href=\"https:\/\/arefproje.com\/?page_id=618\" \/>\n<meta property=\"og:locale\" content=\"tr_TR\" \/>\n<meta property=\"og:type\" content=\"article\" \/>\n<meta property=\"og:title\" content=\"BLOG -\" \/>\n<meta property=\"og:description\" content=\"BLOG Yapar Paslanmaz ile ISO 50001 Dan\u0131\u015fmanl\u0131k S\u00f6zle\u015fmesi \u0130mzaland\u0131 \u015eehrimizin g\u00fczide sanayi kurulu\u015flar\u0131ndan, tekstil makina \u00fcretim Kuma\u015f Boyama Makinas\u0131&#8230; Devam\u0131 fiderarefdb28 A\u011fustos 2020 Yapar Paslanmaz Dan\u0131\u015fmanl\u0131k S\u00f6zle\u015fmesi imzaland\u0131 \u015eehrimizin g\u00fczide sanayi kurulu\u015flar\u0131ndan, tekstil makina \u00fcretim &hellip;\" \/>\n<meta property=\"og:url\" content=\"https:\/\/arefproje.com\/?page_id=618\" \/>\n<meta property=\"article:modified_time\" content=\"2020-08-28T15:08:58+00:00\" \/>\n<meta property=\"og:image\" content=\"http:\/\/arefproje.com\/wp-content\/uploads\/2020\/08\/iso-300x188.jpg\" \/>\n<meta name=\"twitter:card\" content=\"summary_large_image\" \/>\n<script type=\"application\/ld+json\" class=\"yoast-schema-graph\">{\"@context\":\"https:\/\/schema.org\",\"@graph\":[{\"@type\":\"WebSite\",\"@id\":\"https:\/\/arefproje.com\/#website\",\"url\":\"https:\/\/arefproje.com\/\",\"name\":\"\",\"description\":\"Hayal et, d\\u00fc\\u015f\\u00fcn, tasarla, uygula ve takip et\",\"potentialAction\":[{\"@type\":\"SearchAction\",\"target\":\"https:\/\/arefproje.com\/?s={search_term_string}\",\"query-input\":\"required name=search_term_string\"}],\"inLanguage\":\"tr\"},{\"@type\":\"ImageObject\",\"@id\":\"https:\/\/arefproje.com\/?page_id=618#primaryimage\",\"inLanguage\":\"tr\",\"url\":\"http:\/\/arefproje.com\/wp-content\/uploads\/2020\/08\/iso-300x188.jpg\"},{\"@type\":\"WebPage\",\"@id\":\"https:\/\/arefproje.com\/?page_id=618#webpage\",\"url\":\"https:\/\/arefproje.com\/?page_id=618\",\"name\":\"BLOG -\",\"isPartOf\":{\"@id\":\"https:\/\/arefproje.com\/#website\"},\"primaryImageOfPage\":{\"@id\":\"https:\/\/arefproje.com\/?page_id=618#primaryimage\"},\"datePublished\":\"2020-08-28T12:57:04+00:00\",\"dateModified\":\"2020-08-28T15:08:58+00:00\",\"inLanguage\":\"tr\",\"potentialAction\":[{\"@type\":\"ReadAction\",\"target\":[\"https:\/\/arefproje.com\/?page_id=618\"]}]}]}<\/script>\n<!-- \/ Yoast SEO plugin. -->","_links":{"self":[{"href":"https:\/\/arefproje.com\/index.php?rest_route=\/wp\/v2\/pages\/618"}],"collection":[{"href":"https:\/\/arefproje.com\/index.php?rest_route=\/wp\/v2\/pages"}],"about":[{"href":"https:\/\/arefproje.com\/index.php?rest_route=\/wp\/v2\/types\/page"}],"author":[{"embeddable":true,"href":"https:\/\/arefproje.com\/index.php?rest_route=\/wp\/v2\/users\/1"}],"replies":[{"embeddable":true,"href":"https:\/\/arefproje.com\/index.php?rest_route=%2Fwp%2Fv2%2Fcomments&post=618"}],"version-history":[{"count":9,"href":"https:\/\/arefproje.com\/index.php?rest_route=\/wp\/v2\/pages\/618\/revisions"}],"predecessor-version":[{"id":644,"href":"https:\/\/arefproje.com\/index.php?rest_route=\/wp\/v2\/pages\/618\/revisions\/644"}],"wp:attachment":[{"href":"https:\/\/arefproje.com\/index.php?rest_route=%2Fwp%2Fv2%2Fmedia&parent=618"}],"curies":[{"name":"wp","href":"https:\/\/api.w.org\/{rel}","templated":true}]}}